{"id":77,"date":"2019-04-20T19:59:29","date_gmt":"2019-04-20T17:59:29","guid":{"rendered":"\/?page_id=77"},"modified":"2019-04-20T19:59:30","modified_gmt":"2019-04-20T17:59:30","slug":"mappa-termica","status":"publish","type":"page","link":"https:\/\/www.degasperis.net\/index.php\/forex\/mappa-termica\/","title":{"rendered":"Mappa termica"},"content":{"rendered":"\n<div style=\"background-image: url(\/wp-content\/uploads\/2019\/04\/Tassi-Forex.jpg); width: 770px; height: 390px;\">\n<p style=\"color: #000000; line-height: 30px; font-size: 20px; padding: 20px;\"><br><span style=\"font-size: 40px;\">Mappa termica Forex<\/span> fornisce una panoramica globale di quello che succede sul mercato valutario.<br>Consente di trovare le valute pi\u00f9 forti e quelle pi\u00f9 deboli in tempo reale, cos\u00ec da poterle confrontare.<br>\u00c8 un aiuto a scegliere le strategie di trading e cercare opportunit\u00e0 per effettuare operazioni di trading con pi\u00f9 fiducia.<br><br><span style=\"font-size: 14px;\">Seleziona l&#8217;incrocio tra le valute e visualizzane il relativo dettaglio.<\/span><\/p>\n<\/div>\n","protected":false},"excerpt":{"rendered":"<p>Mappa termica Forex fornisce una panoramica globale di quello che succede sul mercato valutario.Consente di trovare le valute pi\u00f9 forti e quelle pi\u00f9 deboli in tempo reale, cos\u00ec da poterle confrontare.\u00c8 un aiuto a scegliere le strategie di trading e cercare opportunit\u00e0 per effettuare operazioni di trading con pi\u00f9 fiducia. Seleziona l&#8217;incrocio tra le valute [&hellip;]<\/p>\n","protected":false},"author":1,"featured_media":0,"parent":66,"menu_order":0,"comment_status":"closed","ping_status":"closed","template":"templates\/forex-page.php","meta":{"footnotes":""},"class_list":["post-77","page","type-page","status-publish","hentry"],"_links":{"self":[{"href":"https:\/\/www.degasperis.net\/index.php\/wp-json\/wp\/v2\/pages\/77","targetHints":{"allow":["GET"]}}],"collection":[{"href":"https:\/\/www.degasperis.net\/index.php\/wp-json\/wp\/v2\/pages"}],"about":[{"href":"https:\/\/www.degasperis.net\/index.php\/wp-json\/wp\/v2\/types\/page"}],"author":[{"embeddable":true,"href":"https:\/\/www.degasperis.net\/index.php\/wp-json\/wp\/v2\/users\/1"}],"replies":[{"embeddable":true,"href":"https:\/\/www.degasperis.net\/index.php\/wp-json\/wp\/v2\/comments?post=77"}],"version-history":[{"count":0,"href":"https:\/\/www.degasperis.net\/index.php\/wp-json\/wp\/v2\/pages\/77\/revisions"}],"up":[{"embeddable":true,"href":"https:\/\/www.degasperis.net\/index.php\/wp-json\/wp\/v2\/pages\/66"}],"wp:attachment":[{"href":"https:\/\/www.degasperis.net\/index.php\/wp-json\/wp\/v2\/media?parent=77"}],"curies":[{"name":"wp","href":"https:\/\/api.w.org\/{rel}","templated":true}]}}