{"id":115,"date":"2019-04-20T21:00:48","date_gmt":"2019-04-20T19:00:48","guid":{"rendered":"\/?page_id=115"},"modified":"2022-05-16T15:54:48","modified_gmt":"2022-05-16T13:54:48","slug":"xm","status":"publish","type":"page","link":"https:\/\/www.degasperis.net\/index.php\/xm\/","title":{"rendered":"XM-Broker"},"content":{"rendered":"\n<i class=\"fa fa-gift\" aria-hidden=\"true\"><\/i>\n<span style=\"padding-right: 20px;\">\n<a class=\"customize-unpreviewable\" href=\"#\">\nRiconoscimenti<\/a><\/span>\n<i class=\"fa fa-university\" aria-hidden=\"true\"><\/i>\n<span style=\"padding-right: 20px;\">\n<a class=\"customize-unpreviewable\" href=\"#-depositi\">\nDepositi e prelievi<\/a><\/span>\n<i class=\"fa fa-dollar\" aria-hidden=\"true\"><\/i>\n<span style=\"padding-right: 20px;\">\n<a class=\"customize-unpreviewable\" href=\"#-costi\">\nCosti e tipi di conti<\/a><\/span>\n<i class=\"fa fa-graduation-cap\" aria-hidden=\"true\"><\/i>\n<span style=\"padding-right: 20px;\">\n<a class=\"customize-unpreviewable\" href=\"#-webinar\">\nWebinar<\/a><\/span>\n<i class=\"fa fa-ellipsis-v\" aria-hidden=\"true\"><\/i>\n<span style=\"padding-right: 20px;\">\n<a class=\"customize-unpreviewable\" href=\"#-leva\">\nStrumenti finanziari e leva<\/a><\/span>\n<i class=\"fa fa-bar-chart\" aria-hidden=\"true\"><\/i>\n<span style=\"padding-right: 20px;\">\n<a class=\"customize-unpreviewable\" href=\"#-piattaforme\">\nPiattaforme<\/a><\/span>\n\n\n\n<hr class=\"wp-block-separator\"\/>\n\n\n\n<div class=\"wp-block-media-text alignwide\"><figure class=\"wp-block-media-text__media\"><img loading=\"lazy\" decoding=\"async\" width=\"278\" height=\"128\" src=\"\/wp-content\/uploads\/2019\/04\/664.png\" alt=\"\" class=\"wp-image-12\"\/><\/figure><div class=\"wp-block-media-text__content\">\n<p> <span style=\"line-height: 40px; font-size: 36px;\"> parliamo di <a href=\"\/index.php\/xm-home\/\">XM<\/a> nostro partner e perch\u00e8 lo abbiamo scelto come nostro unico broker. <\/span> Ci sar\u00e0 pure qualche motivo per cui pi\u00f9 di 2,5 milioni di clienti, come noi, ha scelto XM per fare trading di valute, indici azionari, materie prime, azioni, metalli e prodotti energetici. <\/p>\n<\/div><\/div>\n\n\n\n<hr class=\"wp-block-separator\"\/>\n\n\n\n<h3 class=\"wp-block-heading\" id=\"-riconoscimenti\"><i class=\"fa fa-gift\" aria-hidden=\"true\"><\/i><span style=\"padding-left: 20px;\"><\/span>Riconoscimenti e regolamentazioni<\/h3>\n\n\n\n<p> XM nasce a Cipro nel 2009 dalla Trading Point Holdings LTD e qui arriva la prima regolamentazione CySEC, a cui seguono molte altre. Mentre per CySEC la regolamentazione \u00e8 la 120\/10, per FCA (= Regno Unito) il numero di controllo \u00e8 538324. In pi\u00f9, oltre alla sede in Cipro, c\u2019\u00e8 la sede nel Regno Unito, con numero di riferimento 705428. Per l\u2019Italia, i controlli sono svolti dalla Consob con numero di licenza 3046. Gi\u00e0 questo sarebbe sufficiente a garantirne l&#8217;affidabilit\u00e0.<\/p>\n\n\n\n<hr class=\"wp-block-separator\"\/>\n\n\n\n<h3 class=\"wp-block-heading\" id=\"-depositi\"><i class=\"fa fa-university\"><\/i><span style=\"padding-left: 20px;\"><\/span>\nDepositi e prelievi\n<span style=\"padding-left: 30px;\"><\/span><a class=\"customize-unpreviewable\" href=\"\/index.php\/prelievi\/\"><i class=\"fa fa-sign-in\" aria-hidden=\"true\"><\/i><\/a><\/h3>\n\n\n\n<p>XM ha un deposito minimo di 5 Euro mentre il prelievo minimo \u00e8 di 5 dollari o valuta equivalente e si possono utilizzare tutti i metodi di seguito elencati:<\/p>\n\n\n\n<ul class=\"wp-block-list\"><li><em> Bonifico bancario tramite conto corrente<\/em><\/li><li><em> Carta di credito VISA, Mastercard e Maestro<\/em><\/li><li><em> Circuito UnionPay<\/em><\/li><li><em> Neteller<\/em><\/li><li><em> Skrill<\/em><\/li><li><em> Sofort<\/em><\/li><li><em> CashU<\/em><\/li><li><em> PRzelewy<\/em><\/li><\/ul>\n\n\n\n<hr class=\"wp-block-separator\"\/>\n\n\n\n<h3 class=\"wp-block-heading\" id=\"-costi\"><i class=\"fa fa-dollar\" aria-hidden=\"true\"><\/i><span style=\"padding-left: 20px;\"><\/span>\nCosti e tipi di conti\n<span style=\"padding-left: 30px;\"><\/span><a class=\"customize-unpreviewable\" href=\"\/index.php\/account-types\/\"><i class=\"fa fa-sign-in\" aria-hidden=\"true\"><\/i><\/a><\/h3>\n\n\n\n<p>Lo spread previsto sulle operazioni finanziarie \u00e8 l\u2019unico costo presente sulla piattaforma. Tutto dipende dal tipo di conto che fai e dal valore dell\u2019operazione. Ci sono diversi tipi di conti su XM, quindi ci sono anche spread diversi.<br>Tutti i conti segretati e le operazioni sicure.<br>In questo modo, nessuno pu\u00f2 venire in possesso dei tuoi dati o sapere quali operazioni stai facendo sulla piattaforma. Naturalmente, la piattaforma e gli organi di controllo sanno quello che stai facendo, ma questo non fa che aumentare la sicurezza e l\u2019affidabilit\u00e0 della piattaforma.<br>XM mette a disposizione diversi tipi di conti:<\/p>\n\n\n\n<ul class=\"wp-block-list\"><li><em>Conto Demo.<\/em><\/li><li><em>Conto Zero Spread.<\/em><\/li><li><em>Conto Micro XM.<\/em><\/li><li><em>Conto Standard.<\/em><\/li><\/ul>\n\n\n\n<h3 class=\"wp-block-heading\" id=\"-conto-demo\"><i class=\"fa fa-eur\" aria-hidden=\"true\"><\/i><span style=\"padding-left: 20px;\"><\/span>\nConto demo\n<span style=\"padding-left: 30px;\"><\/span><a class=\"customize-unpreviewable\" href=\"\/index.php\/nuovo-conto-demo\/\"><i class=\"fa fa-sign-in\" aria-hidden=\"true\"><\/i><\/a><\/h3>\n\n\n\n<p>Ogni conto ha le sue caratteristiche e delle commissioni diverse. Il conto demo \u00e8 un conto gratis, che prevede l\u2019uso di denaro finto. Il conto \u00e8 illimitato nel tempo, ma prevede solo l\u2019uso del denaro finto scelto all\u2019inizio. Quando l\u2019importo fittizio finisce, non si pu\u00f2 ottenere un secondo conto demo.<br>Per usufruire di questa opportunit\u00e0 ed allenarti a fare trading ti basta aver compilato un form ed i dati richiesti sono semplicemente: nome e cognome, citt\u00e0, Paese, telefono e indirizzo e-mail.<br>A questo punto, devi scegliere la piattaforma di trading che usi. Puoi scegliere tra MT4 o la nuova MT5. Scegli il conto che vuoi provare se Standard o Zero XM e inserisci l\u2019importo finto. A questo punto, aggiungi la password. Riceverai una conferma via e-mail o per telefono. Il conto demo \u00e8 identico a un conto reale, se non per il denaro, che qui \u00e8 finto. Ogni settimana hai anche diritto a dei webinar gratis, che puoi seguire in diretta a casa, sul tablet o su smartphone.<\/p>\n\n\n\n<div class=\"x-div\">\n<div class=\"x-button\">\n    <a href=\"\/index.php\/nuovo-conto-demo\/\" class=\"x-button x-button-red\"><i class=\"fa fa-pencil-square-o\"><\/i> APRI UN CONTO DEMO <\/a>\n<\/div>\n<div class=\"x5\"><\/div>\n<\/div>\n\n\n\n<h3 class=\"wp-block-heading\" id=\"-conto-micro\"><i class=\"fa fa-eur\" aria-hidden=\"true\"><\/i><span style=\"padding-left: 20px;\"><\/span>\nConto Micro\n<span style=\"padding-left: 30px;\"><\/span><a class=\"customize-unpreviewable\" href=\"\/index.php\/nuovo-conto-reale\/\"><i class=\"fa fa-sign-in\" aria-hidden=\"true\"><\/i><\/a><\/h3>\n\n\n\n<p>Chi \u00e8 appena uscito da un conto demo, dovrebbe partire da un conto Micro XM. Bastano solo 5 dollari per iniziare. Qui non ci sono commissioni ma restano le 200 operazioni in contemporanea.<\/p>\n\n\n\n<h3 class=\"wp-block-heading\" id=\"-conto-standard\"><i class=\"fa fa-eur\" aria-hidden=\"true\"><\/i><span style=\"padding-left: 20px;\"><\/span>\nConto Standard\n<span style=\"padding-left: 30px;\"><\/span><a class=\"customize-unpreviewable\" href=\"\/index.php\/nuovo-conto-reale\/\"><i class=\"fa fa-sign-in\" aria-hidden=\"true\"><\/i><\/a><\/h3>\n\n\n\n<p>Anche per il conto Standard non ci sono commissioni. Rispetto al conto Micro, per\u00f2, pu\u00f2 agire su pi\u00f9 mercati e vede aumentare le possibilit\u00e0 di investimento grazie all\u2019unico costo dello spread.<\/p>\n\n\n\n<h3 class=\"wp-block-heading\" id=\"-conto-zero\"><i class=\"fa fa-eur\" aria-hidden=\"true\"><\/i><span style=\"padding-left: 20px;\"><\/span>\nConto Zero spread\n<span style=\"padding-left: 30px;\"><\/span><a class=\"customize-unpreviewable\" href=\"\/index.php\/nuovo-conto-reale\/\"><i class=\"fa fa-sign-in\" aria-hidden=\"true\"><\/i><\/a><\/h3>\n\n\n\n<p>Zero Spread \u00e8 un conto per esperti, che pu\u00f2 arrivare anche a 0 pip di spread con leva a 1:30. Si possono gestire fino a 200 posizioni alla volta, con hedging e scalping consentiti ed il versamento minimo \u00e8 di 100 dollari. Qui le commissioni ci sono, quindi \u00e8 uno strumento pensato per gli esperti.<\/p>\n\n\n\n<div class=\"x-div\">\n<div class=\"x-button\">\n    <a href=\"\/index.php\/nuovo-conto-reale\/\" class=\"x-button x-button-green\"><i class=\"fa fa-pencil-square-o\"><\/i> APRI UN CONTO <\/a>\n<\/div>\n<div class=\"x5\"><\/div>\n<\/div>\n\n\n\n<hr class=\"wp-block-separator\"\/>\n\n\n\n<h3 class=\"wp-block-heading\" id=\"-webinar\"><i class=\"fa fa-graduation-cap\" aria-hidden=\"true\"><\/i><span style=\"padding-left: 20px;\"><\/span>\nWebinar\n<span style=\"padding-left: 30px;\"><\/span><a class=\"customize-unpreviewable\" href=\"\/index.php\/webinar-settimanali\/\"><i class=\"fa fa-sign-in\" aria-hidden=\"true\"><\/i><\/a><\/h3>\n\n\n\n<p>Webinar e seminari sono disponibili per una formazione costante. Anche se stai cominciando, hai dei webinar settimanali da seguire sul sito e puoi avere accesso a seminari di trader professionisti anche nella tua citt\u00e0! XM mostra tutto alla sezione Forex Seminars.<\/p>\n\n\n\n<hr class=\"wp-block-separator\"\/>\n\n\n\n<h3 class=\"wp-block-heading\" id=\"-leva\"><i class=\"fa fa-ellipsis-v\" aria-hidden=\"true\"><\/i><span style=\"padding-left: 20px;\"><\/span>\nStrumenti finanziari e leva\n<span style=\"padding-left: 30px;\"><\/span><a class=\"customize-unpreviewable\" href=\"\/index.php\/xm-home\/\"><i class=\"fa fa-sign-in\" aria-hidden=\"true\"><\/i><\/a><\/h3>\n\n\n\n<p>Come usare la formazione della piattaforma? Usando gli strumenti finanziari per guadagnare dal tuo pannello di controllo. Sulla piattaforma, potrai investire su CFD:<\/p>\n\n\n\n<ul class=\"wp-block-list\"><li><em> Indici<\/em><\/li><li><em> Materie prime<\/em><\/li><li><em> Forex<\/em><\/li><li><em> Azioni<\/em><\/li><\/ul>\n\n\n\n<p>Puoi fare hedging, cio\u00e8 proteggere i tuoi finanziamenti investendo con pi\u00f9 operazioni diverse. Per esempio l\u2019hedging ti permette di investire sia al rialzo sia al ribasso, per coprire le tue posizioni. Oltre a questo, XM propone investimenti con leva finanziaria 1:30 questo significa che puoi ottenere un guadagno 30 volte superiore a quanto investito.<br>Attenzione, per\u00f2, perch\u00e8 il rischio \u00e8 sempre molto alto.<\/p>\n\n\n\n<hr class=\"wp-block-separator\"\/>\n\n\n\n<h3 class=\"wp-block-heading\" id=\"-vps\"><i class=\"fa fa-laptop\" aria-hidden=\"true\"><\/i><span style=\"padding-left: 20px;\"><\/span>\nVPS gratuita\n<span style=\"padding-left: 30px;\"><\/span><a class=\"customize-unpreviewable\" href=\"\/index.php\/xm-home\/\"><i class=\"fa fa-sign-in\" aria-hidden=\"true\"><\/i><\/a><\/h3>\n\n\n\n<p>Chi ha almeno 5.000 dollari sul conto, pu\u00f2 chiedere a XM di ottenere una VPS gratis, per avere operazioni pi\u00f9 veloci e sicure grazie al server dedicato.<\/p>\n\n\n\n<hr class=\"wp-block-separator\"\/>\n\n\n\n<h3 class=\"wp-block-heading\" id=\"-piattaforme\"><i class=\"fa fa-bar-chart\" aria-hidden=\"true\"><\/i><span style=\"padding-left: 20px;\"><\/span>\nPiattaforme\n<span style=\"padding-left: 30px;\"><\/span><a class=\"customize-unpreviewable\" href=\"\/index.php\/piattaforme\/\"><i class=\"fa fa-sign-in\" aria-hidden=\"true\"><\/i><\/a><\/h3>\n\n\n\n<p>XM \u00e8 in grado di gestire pi\u00f9 piattaforme, sia al computer che al tablet o allo smartphone. Se non sei in casa, puoi navigare dal sito mobile, oppure utilizzare l\u2019app di XM per sistemi iOS e Android. Chi ama investire dal computer di casa, pu\u00f2 farlo sfruttando MT4 e MT5 (= MetaTrader 5), oppure con il Webtrader online (= multiterminale).<\/p>\n\n\n\n<hr class=\"wp-block-separator\"\/>\n\n\n\n<h2 class=\"wp-block-heading\"> <div style=\"display: inline-flex;\"> <span style=\"padding-right: 20px;\"> <a href=\"\/index.php\/xm-home\/\"> <img decoding=\"async\" src=\"\/wp-content\/uploads\/2019\/04\/640.png\" alt=\"\" style=\"width: 56px; height: 43px;\"><\/a> <\/span> \u00e8 un broker regolamentato, affidabile e sicuro. <\/div> <\/h2>\n\n\n\n<p>Riepilogando, <a href=\"\/index.php\/xm-home\/\">XM<\/a> accontenta tutti. Chi non \u00e8 esperto pu\u00f2 usare il conto demo quando vuole, seguire webinar e seminari mirati e passare poi al conto Micro con pochissimi Euro. Chi \u00e8 gi\u00e0 esperto di trading e lavora su pi\u00f9 piattaforme, usa lo smartphone, oppure MT4\/MT5 dove pu\u00f2 avere un quadro completo della situazione.<br>Si pu\u00f2 ottenere l&#8217;utilizzo di una VPS, gratuita per account che superano i 5000 dollari di traffico. Versamenti e prelievi sono istantanei con tutti i pi\u00f9 importanti sistemi di trasferimento di denaro.<br>Infine, XM mette in guardia sugli investimenti ad alto rischio.<br>Insomma, una formazione costante per tutti e un ottimo servizio clienti, accanto a ottimi guadagni e strumenti gratis, fanno s\u00ec che XM abbia davvero pochi rivali.<\/p>\n\n\n\n<hr class=\"wp-block-separator\"\/>\n\n\n\n<div class=\"x-div\">\n<div class=\"x-button\">\n    <a href=\"\/index.php\/nuovo-conto-demo\/\" class=\"x-button x-button-red\"><i class=\"fa fa-pencil-square-o\"><\/i> APRI UN CONTO DEMO <\/a>\n<\/div>\n<div class=\"x5\"><\/div>\n<\/div>\n","protected":false},"excerpt":{"rendered":"<p>Riconoscimenti Depositi e prelievi Costi e tipi di conti Webinar Strumenti finanziari e leva Piattaforme parliamo di XM nostro partner e perch\u00e8 lo abbiamo scelto come nostro unico broker. Ci sar\u00e0 pure qualche motivo per cui pi\u00f9 di 2,5 milioni di clienti, come noi, ha scelto XM per fare trading di valute, indici azionari, materie [&hellip;]<\/p>\n","protected":false},"author":1,"featured_media":0,"parent":0,"menu_order":0,"comment_status":"closed","ping_status":"closed","template":"templates\/xm-page.php","meta":{"footnotes":""},"class_list":["post-115","page","type-page","status-publish","hentry"],"_links":{"self":[{"href":"https:\/\/www.degasperis.net\/index.php\/wp-json\/wp\/v2\/pages\/115","targetHints":{"allow":["GET"]}}],"collection":[{"href":"https:\/\/www.degasperis.net\/index.php\/wp-json\/wp\/v2\/pages"}],"about":[{"href":"https:\/\/www.degasperis.net\/index.php\/wp-json\/wp\/v2\/types\/page"}],"author":[{"embeddable":true,"href":"https:\/\/www.degasperis.net\/index.php\/wp-json\/wp\/v2\/users\/1"}],"replies":[{"embeddable":true,"href":"https:\/\/www.degasperis.net\/index.php\/wp-json\/wp\/v2\/comments?post=115"}],"version-history":[{"count":0,"href":"https:\/\/www.degasperis.net\/index.php\/wp-json\/wp\/v2\/pages\/115\/revisions"}],"wp:attachment":[{"href":"https:\/\/www.degasperis.net\/index.php\/wp-json\/wp\/v2\/media?parent=115"}],"curies":[{"name":"wp","href":"https:\/\/api.w.org\/{rel}","templated":true}]}}